{"id":148,"date":"2023-05-12T03:43:52","date_gmt":"2023-05-12T01:43:52","guid":{"rendered":"https:\/\/arpe5.fr\/?page_id=148"},"modified":"2024-03-13T02:48:02","modified_gmt":"2024-03-13T01:48:02","slug":"contribution","status":"publish","type":"page","link":"https:\/\/arpe5.fr\/?page_id=148","title":{"rendered":"Contribution"},"content":{"rendered":"\n<p>Arpe5 contribue d&rsquo;un temps \u00e0 autre \u00e0 rendre internet meilleur pour tous les internautes.<br>Dit comme cela, cela ne dit rien mais des petites actions concr\u00e8tes comme sur Wikip\u00e9dia sont faites pour am\u00e9liorer le savoir. Plus \u00e0 venir prochainement* concernant mes actions en dehors de Wikip\u00e9dia&#8230;<\/p>\n\n\n\n<p>Depuis le 13 mars 2024, ce site participe \u00e0 la collecte d&rsquo;adresses IP pour l&rsquo;extension <strong>Limit Login Attempts Reloaded<\/strong> <em>(voir <a href=\"https:\/\/arpe5.fr\/?page_id=6\" data-type=\"link\" data-id=\"https:\/\/arpe5.fr\/?page_id=6\">https:\/\/arpe5.fr\/?page_id=6<\/a> concernant la politique de confidentialit\u00e9)<\/em>.<\/p>\n\n\n\n<p>*Ce \u00ab prochainement \u00bb de longue date, c&rsquo;est ce \u00ab prochainement \u00bb lorsque Arpe5 trouvera quelque chose d&rsquo;int\u00e9ressant \u00e0 partager : ce qui ne sera pas le cas pendant des ann\u00e9es&#8230;<\/p>\n","protected":false},"excerpt":{"rendered":"<p>Arpe5 contribue d&rsquo;un temps \u00e0 autre \u00e0 rendre internet meilleur pour tous les internautes.Dit comme cela, cela ne dit rien mais des petites actions concr\u00e8tes comme sur Wikip\u00e9dia sont faites pour am\u00e9liorer le savoir. Plus \u00e0 venir prochainement* concernant mes actions en dehors de Wikip\u00e9dia&#8230; Depuis le 13 mars 2024, ce site participe \u00e0 la collecte d&rsquo;adresses IP pour l&rsquo;extension Limit Login Attempts Reloaded (voir https:\/\/arpe5.fr\/?page_id=6 concernant la politique de confidentialit\u00e9). *Ce \u00ab prochainement \u00bb de longue date, c&rsquo;est ce&#8230;<\/p>\n<p class=\"read-more\"><a class=\"btn btn-default\" href=\"https:\/\/arpe5.fr\/?page_id=148\">Lire la suite<span class=\"screen-reader-text\"> Lire la suite<\/span><\/a><\/p>\n","protected":false},"author":1,"featured_media":0,"parent":0,"menu_order":0,"comment_status":"closed","ping_status":"closed","template":"","meta":{"_seopress_robots_primary_cat":"","_seopress_titles_title":"","_seopress_titles_desc":"","_seopress_robots_index":"","inline_featured_image":false,"footnotes":""},"class_list":["post-148","page","type-page","status-publish","hentry"],"_links":{"self":[{"href":"https:\/\/arpe5.fr\/index.php?rest_route=\/wp\/v2\/pages\/148","targetHints":{"allow":["GET"]}}],"collection":[{"href":"https:\/\/arpe5.fr\/index.php?rest_route=\/wp\/v2\/pages"}],"about":[{"href":"https:\/\/arpe5.fr\/index.php?rest_route=\/wp\/v2\/types\/page"}],"author":[{"embeddable":true,"href":"https:\/\/arpe5.fr\/index.php?rest_route=\/wp\/v2\/users\/1"}],"replies":[{"embeddable":true,"href":"https:\/\/arpe5.fr\/index.php?rest_route=%2Fwp%2Fv2%2Fcomments&post=148"}],"version-history":[{"count":6,"href":"https:\/\/arpe5.fr\/index.php?rest_route=\/wp\/v2\/pages\/148\/revisions"}],"predecessor-version":[{"id":177,"href":"https:\/\/arpe5.fr\/index.php?rest_route=\/wp\/v2\/pages\/148\/revisions\/177"}],"wp:attachment":[{"href":"https:\/\/arpe5.fr\/index.php?rest_route=%2Fwp%2Fv2%2Fmedia&parent=148"}],"curies":[{"name":"wp","href":"https:\/\/api.w.org\/{rel}","templated":true}]}}